{"id":63,"date":"2018-12-08T20:00:55","date_gmt":"2018-12-08T20:00:55","guid":{"rendered":"http:\/\/yogamobil.info\/?page_id=63"},"modified":"2019-03-15T20:52:14","modified_gmt":"2019-03-15T20:52:14","slug":"kursangebote","status":"publish","type":"page","link":"https:\/\/yogamobil.info\/?page_id=63","title":{"rendered":"Was kann ich f\u00fcr Ihr Kind tun?"},"content":{"rendered":"<h4><span style=\"color: #ff6600;\">Mit Yoga kann ich auf diesen Ebenen wirksam ansetzen:<\/span><\/h4>\n<h5><span style=\"color: #666363;\"><strong>\u2022\u00a0<\/strong> Pr\u00e4vention<\/span><\/h5>\n<h5><span style=\"color: #666363;\">\u2022\u00a0 Problemlinderung<\/span><\/h5>\n<h5><span style=\"color: #666363;\">\u2022\u00a0 Potentialentwicklung<br \/>\n<\/span><\/h5>\n<h5><span style=\"color: #ff6600;\">Das bedeutet f\u00fcr Ihr Kind ganz konkret:<\/span><\/h5>\n<h5><span style=\"color: #666363;\">\u2022\u00a0 Erh\u00f6hung der Konzentrationsf\u00e4higkeit<\/span><br \/>\n<span style=\"color: #666363;\">\u2022\u00a0 Verringerung von Pr\u00fcfungs-\/\u00c4ngsten und Blockaden<\/span><br \/>\n<span style=\"color: #666363;\">\u2022\u00a0 Gezielt entspannen lernen, dem Geist eine Ruhepause zu g\u00f6nnen<\/span><br \/>\n<span style=\"color: #666363;\">\u2022\u00a0 Den Atem bewusst wahrnehmen und lenken<\/span><br \/>\n<span style=\"color: #666363;\">\u2022\u00a0 St\u00e4rkung der Immunabwehr durch richtiges Atmen<\/span><br \/>\n<span style=\"color: #666363;\">\u2022\u00a0 Pr\u00e4vention von Haltungssch\u00e4den durch die Verbesserung der K\u00f6rperspannung<\/span><br \/>\n<span style=\"color: #666363;\">\u2022\u00a0 Sich selbst sp\u00fcren lernen durch die Entwicklung eines K\u00f6rpergef\u00fchls<\/span><br \/>\n<span style=\"color: #666363;\">\u2022\u00a0 Wahrnehmen von Energien im K\u00f6rper (z.B. Kribbeln und W\u00e4rme)<\/span><br \/>\n<span style=\"color: #666363;\">\u2022\u00a0 Die eigenen Grenzen wahrnehmen und erkennen<\/span><br \/>\n<span style=\"color: #666363;\">uvm.<\/span><\/h5>\n<h4><span style=\"color: #666363;\"><span style=\"color: #ff6600;\">DAS ERGEBNIS:<\/span> <\/span><\/h4>\n<h4><span style=\"color: #666363;\">EINE GENERELLE ST\u00c4RKUNG DES K\u00d6RPER- UND SELBST-BEWUSST-SEINS.<\/span><\/h4>\n","protected":false},"excerpt":{"rendered":"<p>Mit Yoga kann ich auf diesen Ebenen wirksam ansetzen: \u2022\u00a0 Pr\u00e4vention \u2022\u00a0 Problemlinderung \u2022\u00a0 Potentialentwicklung Das bedeutet f\u00fcr Ihr Kind ganz konkret: \u2022\u00a0 Erh\u00f6hung der Konzentrationsf\u00e4higkeit \u2022\u00a0 Verringerung von Pr\u00fcfungs-\/\u00c4ngsten und Blockaden \u2022\u00a0 Gezielt entspannen lernen, dem Geist eine Ruhepause zu g\u00f6nnen \u2022\u00a0 Den Atem bewusst wahrnehmen und lenken \u2022\u00a0 St\u00e4rkung der Immunabwehr durch richtiges&#8230;<\/p>\n","protected":false},"author":1,"featured_media":0,"parent":0,"menu_order":0,"comment_status":"closed","ping_status":"closed","template":"","meta":[],"_links":{"self":[{"href":"https:\/\/yogamobil.info\/index.php?rest_route=\/wp\/v2\/pages\/63"}],"collection":[{"href":"https:\/\/yogamobil.info\/index.php?rest_route=\/wp\/v2\/pages"}],"about":[{"href":"https:\/\/yogamobil.info\/index.php?rest_route=\/wp\/v2\/types\/page"}],"author":[{"embeddable":true,"href":"https:\/\/yogamobil.info\/index.php?rest_route=\/wp\/v2\/users\/1"}],"replies":[{"embeddable":true,"href":"https:\/\/yogamobil.info\/index.php?rest_route=%2Fwp%2Fv2%2Fcomments&post=63"}],"version-history":[{"count":41,"href":"https:\/\/yogamobil.info\/index.php?rest_route=\/wp\/v2\/pages\/63\/revisions"}],"predecessor-version":[{"id":514,"href":"https:\/\/yogamobil.info\/index.php?rest_route=\/wp\/v2\/pages\/63\/revisions\/514"}],"wp:attachment":[{"href":"https:\/\/yogamobil.info\/index.php?rest_route=%2Fwp%2Fv2%2Fmedia&parent=63"}],"curies":[{"name":"wp","href":"https:\/\/api.w.org\/{rel}","templated":true}]}}