{"id":57,"date":"2018-12-08T19:51:31","date_gmt":"2018-12-08T19:51:31","guid":{"rendered":"http:\/\/yogamobil.info\/?page_id=57"},"modified":"2020-08-26T10:35:32","modified_gmt":"2020-08-26T10:35:32","slug":"persoenliches","status":"publish","type":"page","link":"https:\/\/yogamobil.info\/?page_id=57","title":{"rendered":"Wie ich zu Yoga kam&#8230;"},"content":{"rendered":"<h4><span style=\"color: #f75f07;\"><img decoding=\"async\" loading=\"lazy\" class=\"size-medium wp-image-633 alignright\" src=\"http:\/\/yogamobil.info\/wp-content\/uploads\/2020\/07\/pkM3VbDQRiXa8RpaEUmw_thumb_9521-160x300.jpg\" alt=\"\" width=\"160\" height=\"300\" srcset=\"https:\/\/yogamobil.info\/wp-content\/uploads\/2020\/07\/pkM3VbDQRiXa8RpaEUmw_thumb_9521-160x300.jpg 160w, https:\/\/yogamobil.info\/wp-content\/uploads\/2020\/07\/pkM3VbDQRiXa8RpaEUmw_thumb_9521-546x1024.jpg 546w, https:\/\/yogamobil.info\/wp-content\/uploads\/2020\/07\/pkM3VbDQRiXa8RpaEUmw_thumb_9521.jpg 647w\" sizes=\"(max-width: 160px) 100vw, 160px\" \/>W\u00e4hrend meiner Berufst\u00e4tigkeit als Interim Managerin f\u00fcr System- und Qualit\u00e4tsmamagement<\/span><span style=\"color: #f75f07;\">, als Mutter, zertifizierte Tagesmutter und staatlich gepr\u00fcfte Kinderpflegerin konnte ich hautnah erleben, dass es nicht nur in der Wirtschaft, sondern auch in der Familie, in der Schule &#8211; und sogar schon im Kindergarten &#8211;\u00a0 haupts\u00e4chlich um Leistung, um Funktionieren und um das Erf\u00fcllen von fremden Erwartungshaltungen geht.<br \/>\n<\/span><\/h4>\n<h4><span style=\"color: #f75f07;\"><img decoding=\"async\" loading=\"lazy\" class=\"size-medium wp-image-638 alignleft\" src=\"http:\/\/yogamobil.info\/wp-content\/uploads\/2020\/07\/SUx1ohFTrqKyjfbLdZgog_thumb_951a-136x300.jpg\" alt=\"\" width=\"136\" height=\"300\" srcset=\"https:\/\/yogamobil.info\/wp-content\/uploads\/2020\/07\/SUx1ohFTrqKyjfbLdZgog_thumb_951a-136x300.jpg 136w, https:\/\/yogamobil.info\/wp-content\/uploads\/2020\/07\/SUx1ohFTrqKyjfbLdZgog_thumb_951a-463x1024.jpg 463w, https:\/\/yogamobil.info\/wp-content\/uploads\/2020\/07\/SUx1ohFTrqKyjfbLdZgog_thumb_951a.jpg 596w\" sizes=\"(max-width: 136px) 100vw, 136px\" \/>Die Bed\u00fcrfnisse der Menschen, ob gro\u00df oder klein, die sie erbringen &#8211; ja erbringen sollen und m\u00fcssen! &#8211; werden dabei viel zu wenig bzw. gar nicht ber\u00fccksichtigt. <\/span><\/h4>\n<h4><span style=\"color: #f75f07;\">Anhaltende psychische Belastungen manifestieren sich in psychosomatischen Symptomen unterschiedlichster Auspr\u00e4gungen und teilweise noch schwerere Krankheiten k\u00f6nnen dabei die Folgen sein.<\/span><\/h4>\n<h4><span style=\"color: #f75f07;\">Dies machte mir auf eindr\u00fcckliche Weise die Interdependenzen von K\u00f6rper, Geist &amp; Seele deutlich. <\/span><\/h4>\n<h4><span style=\"color: #f75f07;\"><img decoding=\"async\" loading=\"lazy\" class=\"size-medium wp-image-640 alignright\" src=\"http:\/\/yogamobil.info\/wp-content\/uploads\/2020\/07\/fullsizeoutput_44b8-217x300.jpeg\" alt=\"\" width=\"217\" height=\"300\" srcset=\"https:\/\/yogamobil.info\/wp-content\/uploads\/2020\/07\/fullsizeoutput_44b8-217x300.jpeg 217w, https:\/\/yogamobil.info\/wp-content\/uploads\/2020\/07\/fullsizeoutput_44b8-768x1059.jpeg 768w, https:\/\/yogamobil.info\/wp-content\/uploads\/2020\/07\/fullsizeoutput_44b8-742x1024.jpeg 742w, https:\/\/yogamobil.info\/wp-content\/uploads\/2020\/07\/fullsizeoutput_44b8.jpeg 1004w\" sizes=\"(max-width: 217px) 100vw, 217px\" \/>Konsequenterweise f\u00fchrte mich dieser gedankliche Ansatz auch zur Philosophie des Yoga, wo diese Aspekte auf wunderbare Weise miteinander in Einklang gebracht werden.<span class=\"Apple-converted-space\">\u00a0<\/span><\/span><\/h4>\n<h4><span style=\"color: #f75f07;\">Meine Yogalehrer-Ausbildung nach den Internationalen Standards der International Yoga Federation und der Yoga Alliance of Europe absolvierte ich direkt in Indien &#8211; dort, wo Yoga seine Wurzeln hat.<br \/>\n<\/span><\/h4>\n<h4><span style=\"color: #f75f07;\"><img decoding=\"async\" loading=\"lazy\" class=\"size-medium wp-image-612 alignleft\" src=\"http:\/\/yogamobil.info\/wp-content\/uploads\/2020\/07\/MPjBd7TRSLWrUZVSs39Ng_thumb_952a-158x300.jpg\" alt=\"\" width=\"158\" height=\"300\" srcset=\"https:\/\/yogamobil.info\/wp-content\/uploads\/2020\/07\/MPjBd7TRSLWrUZVSs39Ng_thumb_952a-158x300.jpg 158w, https:\/\/yogamobil.info\/wp-content\/uploads\/2020\/07\/MPjBd7TRSLWrUZVSs39Ng_thumb_952a-539x1024.jpg 539w, https:\/\/yogamobil.info\/wp-content\/uploads\/2020\/07\/MPjBd7TRSLWrUZVSs39Ng_thumb_952a.jpg 643w\" sizes=\"(max-width: 158px) 100vw, 158px\" \/>Mit meinem Angebot m\u00f6chte ich Menschen den Raum bieten und die Unterst\u00fctzung geben, die sie in bestimmten Lebens- und Entwicklungsphasen ben\u00f6tigen und <\/span><span style=\"color: #f75f07;\">damit M\u00f6glichkeiten aufzeigen, um die Aufgaben, die das Leben an uns stellt leichter meistern zu k\u00f6nnen und Freude am eigenen \u201eSosein\u201c und am Leben zu haben.<span class=\"Apple-converted-space\">\u00a0<\/span><\/span><\/h4>\n","protected":false},"excerpt":{"rendered":"<p>W\u00e4hrend meiner Berufst\u00e4tigkeit als Interim Managerin f\u00fcr System- und Qualit\u00e4tsmamagement, als Mutter, zertifizierte Tagesmutter und staatlich gepr\u00fcfte Kinderpflegerin konnte ich hautnah erleben, dass es nicht nur in der Wirtschaft, sondern auch in der Familie, in der Schule &#8211; und sogar schon im Kindergarten &#8211;\u00a0 haupts\u00e4chlich um Leistung, um Funktionieren und um das Erf\u00fcllen von fremden&#8230;<\/p>\n","protected":false},"author":1,"featured_media":0,"parent":0,"menu_order":4,"comment_status":"closed","ping_status":"closed","template":"","meta":[],"_links":{"self":[{"href":"https:\/\/yogamobil.info\/index.php?rest_route=\/wp\/v2\/pages\/57"}],"collection":[{"href":"https:\/\/yogamobil.info\/index.php?rest_route=\/wp\/v2\/pages"}],"about":[{"href":"https:\/\/yogamobil.info\/index.php?rest_route=\/wp\/v2\/types\/page"}],"author":[{"embeddable":true,"href":"https:\/\/yogamobil.info\/index.php?rest_route=\/wp\/v2\/users\/1"}],"replies":[{"embeddable":true,"href":"https:\/\/yogamobil.info\/index.php?rest_route=%2Fwp%2Fv2%2Fcomments&post=57"}],"version-history":[{"count":38,"href":"https:\/\/yogamobil.info\/index.php?rest_route=\/wp\/v2\/pages\/57\/revisions"}],"predecessor-version":[{"id":659,"href":"https:\/\/yogamobil.info\/index.php?rest_route=\/wp\/v2\/pages\/57\/revisions\/659"}],"wp:attachment":[{"href":"https:\/\/yogamobil.info\/index.php?rest_route=%2Fwp%2Fv2%2Fmedia&parent=57"}],"curies":[{"name":"wp","href":"https:\/\/api.w.org\/{rel}","templated":true}]}}