{"id":341,"date":"2019-03-13T15:45:08","date_gmt":"2019-03-13T15:45:08","guid":{"rendered":"http:\/\/yogamobil.info\/?page_id=341"},"modified":"2019-03-15T20:53:51","modified_gmt":"2019-03-15T20:53:51","slug":"was-kann-yoga-fuer-sie-tun","status":"publish","type":"page","link":"https:\/\/yogamobil.info\/?page_id=341","title":{"rendered":"Was kann ich f\u00fcr Sie tun?"},"content":{"rendered":"\n<p style=\"font-size:19px\" class=\"has-text-color has-luminous-vivid-orange-color\">Mit Yoga kann ich auf diesen Ebenen wirksam ansetzen:<\/p>\n\n\n\n<p style=\"font-size:19px\">\u2022  Pr\u00e4vention <\/p>\n\n\n\n<p style=\"font-size:19px\">\u2022  Problemlinderung<\/p>\n\n\n\n<p style=\"font-size:19px\">\u2022  Potentialentwicklung durch L\u00f6sung von Blockaden<\/p>\n\n\n\n<p style=\"font-size:19px\" class=\"has-text-color has-luminous-vivid-orange-color\">Das bedeutet ganz konkret f\u00fcr Sie:<\/p>\n\n\n\n<p style=\"font-size:19px\">\n\u2022  Harmonisierung &amp; Vitalisierung von K\u00f6rper, Geist &amp; Seele<\/p>\n<p style=\"font-size:19px\">\n\u2022 Pr\u00e4vention &#038; Linderung von stressbedingten &#038; k\u00f6rperlichen Beschwerden\n<p style=\"font-size:19px\">\n\u2022 Unterst\u00fctzung bei der Bew\u00e4ltigung von Krisensituationen\n<p style=\"font-size:19px\">\n\u2022 Mehr Achtsamkeit f\u00fcr sich selbst\n<p style=\"font-size:19px\">\n\u2022 Mehr Ruhe und Gelassenheit f\u00fcr das was da gerade ist\n<p style=\"font-size:19px\">\n\u2022 Eine wohltuende &#8222;Auszeit&#8220;\n<p style=\"font-size:19px\">\n\u2022 Einen mentalen &#038; k\u00f6rperlichen &#8222;Jungbrunnen&#8220;\n<p style=\"font-size:19px\">\nuvm.\n\n\n\n<p style=\"font-size:19px\" class=\"has-text-color has-luminous-vivid-orange-color\">Denn immer dann, wenn es uns gelingt raus aus dem Denken ins Sp\u00fcren und ins F\u00fchlen zu kommen, dann entspannt das Nervensystem.  Und das erm\u00f6glichen Ihnen meine \u00dcbungsreihen.<\/p>\n\n\n\n<p><br><\/p>\n","protected":false},"excerpt":{"rendered":"<p>Mit Yoga kann ich auf diesen Ebenen wirksam ansetzen: \u2022 Pr\u00e4vention \u2022 Problemlinderung \u2022 Potentialentwicklung durch L\u00f6sung von Blockaden Das bedeutet ganz konkret f\u00fcr Sie: \u2022 Harmonisierung &amp; Vitalisierung von K\u00f6rper, Geist &amp; Seele \u2022 Pr\u00e4vention &#038; Linderung von stressbedingten &#038; k\u00f6rperlichen Beschwerden \u2022 Unterst\u00fctzung bei der Bew\u00e4ltigung von Krisensituationen \u2022 Mehr Achtsamkeit f\u00fcr sich&#8230;<\/p>\n","protected":false},"author":1,"featured_media":0,"parent":0,"menu_order":0,"comment_status":"closed","ping_status":"closed","template":"","meta":[],"_links":{"self":[{"href":"https:\/\/yogamobil.info\/index.php?rest_route=\/wp\/v2\/pages\/341"}],"collection":[{"href":"https:\/\/yogamobil.info\/index.php?rest_route=\/wp\/v2\/pages"}],"about":[{"href":"https:\/\/yogamobil.info\/index.php?rest_route=\/wp\/v2\/types\/page"}],"author":[{"embeddable":true,"href":"https:\/\/yogamobil.info\/index.php?rest_route=\/wp\/v2\/users\/1"}],"replies":[{"embeddable":true,"href":"https:\/\/yogamobil.info\/index.php?rest_route=%2Fwp%2Fv2%2Fcomments&post=341"}],"version-history":[{"count":35,"href":"https:\/\/yogamobil.info\/index.php?rest_route=\/wp\/v2\/pages\/341\/revisions"}],"predecessor-version":[{"id":515,"href":"https:\/\/yogamobil.info\/index.php?rest_route=\/wp\/v2\/pages\/341\/revisions\/515"}],"wp:attachment":[{"href":"https:\/\/yogamobil.info\/index.php?rest_route=%2Fwp%2Fv2%2Fmedia&parent=341"}],"curies":[{"name":"wp","href":"https:\/\/api.w.org\/{rel}","templated":true}]}}