{"id":2,"date":"2016-05-10T03:48:21","date_gmt":"2016-05-10T03:48:21","guid":{"rendered":"http:\/\/yogamobil.info\/?page_id=2"},"modified":"2020-08-26T10:19:26","modified_gmt":"2020-08-26T10:19:26","slug":"sample-page","status":"publish","type":"page","link":"https:\/\/yogamobil.info\/?page_id=2","title":{"rendered":"In meinen Kursen steht nicht Yoga im Mittelpunkt."},"content":{"rendered":"<h4><span style=\"color: #ff6600;\">Mein Konzept setzt die traditionellen Prinzipien des Yoga in einen neuen Kontext:<\/span><\/h4>\n<h4><span style=\"color: #ff6600;\"><span style=\"color: #666363;\">Es schafft einen individualisierten Bezug zu den Menschen und Ihren Bed\u00fcrfnissen von heute.<\/span><br \/>\n<\/span><\/h4>\n<h4><strong><span style=\"color: #666363;\">Im Mittelpunkt stehen SIE!<\/span><\/strong><\/h4>\n<h4><strong><span style=\"color: #ff6600;\">IHRE BED\u00dcRFNISSE und DIE IHRES KINDES.<\/span><\/strong><\/h4>\n<h4><span style=\"color: #ff6600;\">Und die Frage:<\/span><\/h4>\n<h4><span style=\"color: #666363;\">Was kann Yoga F\u00dcR SIE &amp; IHR KIND tun, um DIE HERAUSFORDERUNGEN zu meistern, die bestimmte Lebens- &amp; Entwicklungsphasen an uns stellen?<\/span><\/h4>\n<h4><span style=\"color: #ff6600;\">Die <span style=\"color: #666363;\">Elemente des Yoga <\/span><\/span><span style=\"color: #666363;\">\u2013 ein wunderbarer &#8222;Werkzeugkasten&#8220; \u2013<\/span> <span style=\"color: #ff6600;\">bieten eine M\u00f6glichkeit <\/span><span style=\"color: #ff6600;\">diese in systematisch aufgebaute alters- &amp; bed\u00fcrfnisgerechte Kurseinheiten zielgruppenspezifisch zusammen zu stellen. Bedarfsabh\u00e4ngig kombiniere ich diese mit <span style=\"color: #666363;\">Achtsamkeits\u00fcbungen<\/span> und Techniken der <span style=\"color: #666363;\">Bewusst-Seins-Arbeit<\/span>.<br \/>\n<\/span><\/h4>\n<h4><span style=\"color: #f75f07;\">Mein <span style=\"color: #666363;\">Eins-zu-Eins-Konzept<\/span> bzw. die <span style=\"color: #666363;\">Homogenit\u00e4t der Kleinstgruppen<\/span> beg\u00fcnstigen die Wirkung entscheidend.<span class=\"Apple-converted-space\">\u00a0<\/span><\/span><\/h4>\n<h4><span style=\"color: #666363;\">So bekommen Sie und Ihr Kind genau die Unterst\u00fctzung, die Sie brauchen!<\/span><\/h4>\n<h4><span style=\"color: #f75f07;\">F\u00fcr mehr Leichtigkeit, Ausgeglichenheit und ein Leben mit mehr Gesundheit, Wohlbefinden und in Harmonie mit uns und mit anderen.<\/span><\/h4>\n","protected":false},"excerpt":{"rendered":"<p>Mein Konzept setzt die traditionellen Prinzipien des Yoga in einen neuen Kontext: Es schafft einen individualisierten Bezug zu den Menschen und Ihren Bed\u00fcrfnissen von heute. Im Mittelpunkt stehen SIE! IHRE BED\u00dcRFNISSE und DIE IHRES KINDES. Und die Frage: Was kann Yoga F\u00dcR SIE &amp; IHR KIND tun, um DIE HERAUSFORDERUNGEN zu meistern, die bestimmte Lebens-&#8230;<\/p>\n","protected":false},"author":1,"featured_media":0,"parent":0,"menu_order":2,"comment_status":"closed","ping_status":"closed","template":"","meta":[],"_links":{"self":[{"href":"https:\/\/yogamobil.info\/index.php?rest_route=\/wp\/v2\/pages\/2"}],"collection":[{"href":"https:\/\/yogamobil.info\/index.php?rest_route=\/wp\/v2\/pages"}],"about":[{"href":"https:\/\/yogamobil.info\/index.php?rest_route=\/wp\/v2\/types\/page"}],"author":[{"embeddable":true,"href":"https:\/\/yogamobil.info\/index.php?rest_route=\/wp\/v2\/users\/1"}],"replies":[{"embeddable":true,"href":"https:\/\/yogamobil.info\/index.php?rest_route=%2Fwp%2Fv2%2Fcomments&post=2"}],"version-history":[{"count":36,"href":"https:\/\/yogamobil.info\/index.php?rest_route=\/wp\/v2\/pages\/2\/revisions"}],"predecessor-version":[{"id":558,"href":"https:\/\/yogamobil.info\/index.php?rest_route=\/wp\/v2\/pages\/2\/revisions\/558"}],"wp:attachment":[{"href":"https:\/\/yogamobil.info\/index.php?rest_route=%2Fwp%2Fv2%2Fmedia&parent=2"}],"curies":[{"name":"wp","href":"https:\/\/api.w.org\/{rel}","templated":true}]}}