{"id":133,"date":"2018-12-08T22:21:52","date_gmt":"2018-12-08T22:21:52","guid":{"rendered":"http:\/\/yogamobil.info\/?page_id=133"},"modified":"2020-08-26T10:31:39","modified_gmt":"2020-08-26T10:31:39","slug":"ursprung","status":"publish","type":"page","link":"https:\/\/yogamobil.info\/?page_id=133","title":{"rendered":"Yoga ist keine Religion und auch kein Dogma."},"content":{"rendered":"<h4><span style=\"color: #f75f07;\"><img decoding=\"async\" loading=\"lazy\" class=\"alignnone wp-image-661 size-full\" src=\"http:\/\/yogamobil.info\/wp-content\/uploads\/2020\/07\/IMG_8700.jpeg\" alt=\"\" width=\"3858\" height=\"907\" srcset=\"https:\/\/yogamobil.info\/wp-content\/uploads\/2020\/07\/IMG_8700.jpeg 3858w, https:\/\/yogamobil.info\/wp-content\/uploads\/2020\/07\/IMG_8700-300x71.jpeg 300w, https:\/\/yogamobil.info\/wp-content\/uploads\/2020\/07\/IMG_8700-768x181.jpeg 768w, https:\/\/yogamobil.info\/wp-content\/uploads\/2020\/07\/IMG_8700-1024x241.jpeg 1024w\" sizes=\"(max-width: 3858px) 100vw, 3858px\" \/><\/span><\/h4>\n<h4><span style=\"color: #f75f07;\">Yoga ist urspr\u00fcnglich eine Philosophie, die ihre Wurzeln in Indien hat. Dort steht Yoga sogar im Rang einer Wissenschaft. <\/span><\/h4>\n<h4><span style=\"color: #f75f07;\">Das Wort \u201eYoga\u201c kommt aus dem Sanskrit und bedeutet \u201ezusammenf\u00fcgen, vereinigen\u201c. Gemeint ist damit das Ziel der Vereinigung von K\u00f6rper, Geist &amp; Seele mit dem gro\u00dfen Ganzen. <\/span><\/h4>\n<h4><span style=\"color: #f75f07;\">Yoga ist somit ein ganzheitlicher k\u00f6rperorientierter \u00dcbungsweg, der die Jahrtausende alten Kenntnisse der Zusammenh\u00e4nge zwischen K\u00f6rper, Geist und Seele ber\u00fccksichtigt, was uns die M\u00f6glichkeit er\u00f6ffnet, in innerer Harmonie und Einklang mit uns selbst &amp; unserer Umwelt zu kommen.<\/span><\/h4>\n<h4><span style=\"color: #f75f07;\"><img decoding=\"async\" loading=\"lazy\" class=\"wp-image-619 size-medium alignright\" src=\"http:\/\/yogamobil.info\/wp-content\/uploads\/2020\/07\/sB1Yg6gSRmG1o1mhbVdMeQ_thumb_9546-300x221.jpg\" alt=\"\" width=\"300\" height=\"221\" srcset=\"https:\/\/yogamobil.info\/wp-content\/uploads\/2020\/07\/sB1Yg6gSRmG1o1mhbVdMeQ_thumb_9546-300x221.jpg 300w, https:\/\/yogamobil.info\/wp-content\/uploads\/2020\/07\/sB1Yg6gSRmG1o1mhbVdMeQ_thumb_9546-768x566.jpg 768w, https:\/\/yogamobil.info\/wp-content\/uploads\/2020\/07\/sB1Yg6gSRmG1o1mhbVdMeQ_thumb_9546-1024x754.jpg 1024w, https:\/\/yogamobil.info\/wp-content\/uploads\/2020\/07\/sB1Yg6gSRmG1o1mhbVdMeQ_thumb_9546.jpg 1033w\" sizes=\"(max-width: 300px) 100vw, 300px\" \/><\/span><\/h4>\n<h4><span style=\"color: #fafa14;\"><span style=\"color: #f75f07;\">Yoga ist kein \u201eSport\u201c, um z. B. starke Muskeln zu bekommen. <\/span><\/span><\/h4>\n<h4><strong><span style=\"color: #fafa14;\"><span style=\"color: #f75f07;\">Yoga ist viel mehr!\u00a0<\/span><\/span><\/strong><\/h4>\n","protected":false},"excerpt":{"rendered":"<p>Yoga ist urspr\u00fcnglich eine Philosophie, die ihre Wurzeln in Indien hat. Dort steht Yoga sogar im Rang einer Wissenschaft. Das Wort \u201eYoga\u201c kommt aus dem Sanskrit und bedeutet \u201ezusammenf\u00fcgen, vereinigen\u201c. Gemeint ist damit das Ziel der Vereinigung von K\u00f6rper, Geist &amp; Seele mit dem gro\u00dfen Ganzen. Yoga ist somit ein ganzheitlicher k\u00f6rperorientierter \u00dcbungsweg, der die&#8230;<\/p>\n","protected":false},"author":1,"featured_media":0,"parent":66,"menu_order":1,"comment_status":"closed","ping_status":"closed","template":"","meta":[],"_links":{"self":[{"href":"https:\/\/yogamobil.info\/index.php?rest_route=\/wp\/v2\/pages\/133"}],"collection":[{"href":"https:\/\/yogamobil.info\/index.php?rest_route=\/wp\/v2\/pages"}],"about":[{"href":"https:\/\/yogamobil.info\/index.php?rest_route=\/wp\/v2\/types\/page"}],"author":[{"embeddable":true,"href":"https:\/\/yogamobil.info\/index.php?rest_route=\/wp\/v2\/users\/1"}],"replies":[{"embeddable":true,"href":"https:\/\/yogamobil.info\/index.php?rest_route=%2Fwp%2Fv2%2Fcomments&post=133"}],"version-history":[{"count":20,"href":"https:\/\/yogamobil.info\/index.php?rest_route=\/wp\/v2\/pages\/133\/revisions"}],"predecessor-version":[{"id":664,"href":"https:\/\/yogamobil.info\/index.php?rest_route=\/wp\/v2\/pages\/133\/revisions\/664"}],"up":[{"embeddable":true,"href":"https:\/\/yogamobil.info\/index.php?rest_route=\/wp\/v2\/pages\/66"}],"wp:attachment":[{"href":"https:\/\/yogamobil.info\/index.php?rest_route=%2Fwp%2Fv2%2Fmedia&parent=133"}],"curies":[{"name":"wp","href":"https:\/\/api.w.org\/{rel}","templated":true}]}}