{"id":130,"date":"2018-12-08T22:09:14","date_gmt":"2018-12-08T22:09:14","guid":{"rendered":"http:\/\/yogamobil.info\/?page_id=130"},"modified":"2020-08-26T10:31:06","modified_gmt":"2020-08-26T10:31:06","slug":"besonderheiten","status":"publish","type":"page","link":"https:\/\/yogamobil.info\/?page_id=130","title":{"rendered":"Yoga ist kein &#8222;Leistungs&#8220;-Sport."},"content":{"rendered":"<h4><img decoding=\"async\" loading=\"lazy\" class=\"size-medium wp-image-647 alignleft\" src=\"http:\/\/yogamobil.info\/wp-content\/uploads\/2020\/07\/KOQkf7NS8O9CeNDlcsTQ_thumb_9509-243x300.jpg\" alt=\"\" width=\"243\" height=\"300\" srcset=\"https:\/\/yogamobil.info\/wp-content\/uploads\/2020\/07\/KOQkf7NS8O9CeNDlcsTQ_thumb_9509-243x300.jpg 243w, https:\/\/yogamobil.info\/wp-content\/uploads\/2020\/07\/KOQkf7NS8O9CeNDlcsTQ_thumb_9509-768x950.jpg 768w, https:\/\/yogamobil.info\/wp-content\/uploads\/2020\/07\/KOQkf7NS8O9CeNDlcsTQ_thumb_9509.jpg 828w\" sizes=\"(max-width: 243px) 100vw, 243px\" \/>Yoga ist f\u00fcr uns alle geeignet: f\u00fcr Dicke wie f\u00fcr D\u00fcnne, f\u00fcr Bewegliche und Unbewegliche, f\u00fcr Jung und Alt, f\u00fcr Gro\u00df und Klein.<\/h4>\n<h4><span style=\"color: #ff6600;\">Denn es geht NICHT um &#8222;H\u00f6her &#8211; Schneller &#8211; Mehr&#8220;<span style=\"color: #666363;\">.<\/span><\/span><\/h4>\n<h4><span style=\"color: #666363;\">Yoga ist vielmehr eine Form der Bewusstseins-Arbeit mittels unseres K\u00f6rpers.<\/span><\/h4>\n<h4><span style=\"color: #ff6600;\">Yoga ist kein Sport, um starke Muskeln <\/span><span style=\"color: #ff6600;\">zu bekommen. Muskeln bedeuten auch NICHT gleich Gesundheit.<\/span><\/h4>\n<h4><span style=\"color: #ff6600;\">Die gesunde und harmonische Funktion der inneren Organe, des Nervensystems und des Geistes &#8211; das ist es, was wir brauchen und was uns das regelm\u00e4\u00dfige Praktizieren von Yoga schenkt.<\/span><\/h4>\n<h4><span style=\"color: #ff6600;\">Denn <\/span><span style=\"color: #666363;\">die \u00e4u\u00dfere Haltung bestimmt die innere Haltung und umgekehrt<\/span><span style=\"color: #ff6600;\">. Alles wirkt in ganz wunderbarer Weise zusammen und ist miteinander verbunden.<br \/>\n<\/span><\/h4>\n<h4><span style=\"color: #f75f07;\">Yoga ist nur f\u00fcr einen selbst bestimmt \u2013 <\/span><span style=\"color: #666363;\">ganz ohne Wettbewerb<\/span><span style=\"color: #f75f07;\">. Wie wohltuend f\u00fcr uns und unsere Kinder in einer vom Leistungs- und Konkurrenzgedanken dominierten Gesellschaft!<\/span><\/h4>\n<h4><span style=\"color: #f75f07;\"><span style=\"color: #666363;\">Es geht um Spa\u00df und Freude am Dasein und dem eigenen Sosein &#8211; f\u00fcr mehr Lebensqualit\u00e4t.<\/span> <\/span><\/h4>\n<h4><span style=\"color: #f75f07;\">Wir k\u00f6nnen mit Hilfe von Yoga lernen, uns ganz bewusst zu sp\u00fcren, mehr wahrzunehmen und\u00a0unsere Achtsamkeit zu sch\u00e4rfen f\u00fcr das Leben im Hier &amp; Jetzt.\u00a0<\/span><\/h4>\n<h4><span style=\"color: #666363;\">Es gibt kein \u201erichtig\u201c oder \u201efalsch\u201c. Nur ein weniger oder mehr wirksam. Und jeder bestimmt dabei ganz individuell sein pers\u00f6nliches Tempo der Entwicklung. <\/span><\/h4>\n<h4><span style=\"color: #f75f07;\">Die \u00dcbungssequenzen werden weitestgehend mit geschlossenen Augen praktiziert. <\/span><span style=\"color: #f75f07;\">Die Konzentration auf sich selbst wird damit ganz wesentlich unterst\u00fctzt.<\/span><\/h4>\n","protected":false},"excerpt":{"rendered":"<p>Yoga ist f\u00fcr uns alle geeignet: f\u00fcr Dicke wie f\u00fcr D\u00fcnne, f\u00fcr Bewegliche und Unbewegliche, f\u00fcr Jung und Alt, f\u00fcr Gro\u00df und Klein. Denn es geht NICHT um &#8222;H\u00f6her &#8211; Schneller &#8211; Mehr&#8220;. Yoga ist vielmehr eine Form der Bewusstseins-Arbeit mittels unseres K\u00f6rpers. Yoga ist kein Sport, um starke Muskeln zu bekommen. Muskeln bedeuten auch&#8230;<\/p>\n","protected":false},"author":1,"featured_media":0,"parent":66,"menu_order":2,"comment_status":"closed","ping_status":"closed","template":"","meta":[],"_links":{"self":[{"href":"https:\/\/yogamobil.info\/index.php?rest_route=\/wp\/v2\/pages\/130"}],"collection":[{"href":"https:\/\/yogamobil.info\/index.php?rest_route=\/wp\/v2\/pages"}],"about":[{"href":"https:\/\/yogamobil.info\/index.php?rest_route=\/wp\/v2\/types\/page"}],"author":[{"embeddable":true,"href":"https:\/\/yogamobil.info\/index.php?rest_route=\/wp\/v2\/users\/1"}],"replies":[{"embeddable":true,"href":"https:\/\/yogamobil.info\/index.php?rest_route=%2Fwp%2Fv2%2Fcomments&post=130"}],"version-history":[{"count":40,"href":"https:\/\/yogamobil.info\/index.php?rest_route=\/wp\/v2\/pages\/130\/revisions"}],"predecessor-version":[{"id":649,"href":"https:\/\/yogamobil.info\/index.php?rest_route=\/wp\/v2\/pages\/130\/revisions\/649"}],"up":[{"embeddable":true,"href":"https:\/\/yogamobil.info\/index.php?rest_route=\/wp\/v2\/pages\/66"}],"wp:attachment":[{"href":"https:\/\/yogamobil.info\/index.php?rest_route=%2Fwp%2Fv2%2Fmedia&parent=130"}],"curies":[{"name":"wp","href":"https:\/\/api.w.org\/{rel}","templated":true}]}}